{"id":9071,"date":"2023-11-25T12:06:20","date_gmt":"2023-11-25T11:06:20","guid":{"rendered":"https:\/\/www.chatsulissiens91.fr\/?page_id=9071"},"modified":"2023-11-25T12:30:39","modified_gmt":"2023-11-25T11:30:39","slug":"ladoption-et-la-loi","status":"publish","type":"page","link":"https:\/\/www.chatsulissiens91.fr\/?page_id=9071","title":{"rendered":"L&rsquo;adoption et la loi"},"content":{"rendered":"\n<p>Avant toute adoption, vous devez prendre connaissance du certificat d&rsquo;engagement et de connaissance pour l&rsquo;acquisition d&rsquo;un chat (vous devrez le signer 7 jours au moins avant l&rsquo;adoption) : il est <strong>obligatoire<\/strong> depuis le d\u00e9cret 2022-1012 du 18 juillet 2022.<\/p>\n\n\n\n<div class=\"wp-block-columns is-layout-flex wp-container-3\">\n<div class=\"wp-block-column is-layout-flow\">\n<p>Contactez nous pour toute question. Le document s&rsquo;afiche \u00e0 droite : vous pouvez le lire en ligne ou le t\u00e9l\u00e9charger.<\/p>\n\n\n\n<p><strong>Comment obtenir ce certificat d&rsquo;engagement et de connaissance ?<\/strong><\/p>\n\n\n\n<p> &#8211; <strong>Au moins 7 jours avant l&rsquo;adoption officielle<\/strong>, vous devez <strong>prendre connaissance<\/strong> du document, et ne pas h\u00e9siter \u00e0 poser toutes les questions qui vous viennent pour \u00eatre s\u00fbr de votre capacit\u00e9 \u00e0 accueillir un chat dans de bonnes conditions.<\/p>\n\n\n\n<p> &#8211; Apr\u00e8s avoir lu ce document, vous le <strong>remplissez et le signez<\/strong> : il s&rsquo;agit d&rsquo;une signature qui vous lie \u00e0 l&rsquo;animal adopt\u00e9 et vous engage aux yeux de la loi.<\/p>\n\n\n\n<p> &#8211; Le jour de l&rsquo;adoption, <strong>vous pr\u00e9sentez le document sign\u00e9 \u00e0 l&rsquo;association<\/strong>.<\/p>\n\n\n\n<p> &#8211; Lors de la prochaine visite <strong>chez le v\u00e9t\u00e9rinaire<\/strong>, vous lui <strong>pr\u00e9sentez ce document sign\u00e9<\/strong>, et le v\u00e9t\u00e9rinaire, en tant que professionnel habilit\u00e9, <strong>certifiera officiellement<\/strong> le document.<\/p>\n<\/div>\n\n\n\n<div class=\"wp-block-column is-layout-flow\">\n<div class=\"wp-block-file\"><object class=\"wp-block-file__embed\" data=\"https:\/\/www.chatsulissiens91.fr\/wp-content\/uploads\/2023\/11\/Certificat_engagement_et_de_connaissance_Chats_Ulissiens.pdf\" type=\"application\/pdf\" style=\"width:100%;height:600px\" aria-label=\"Contenu embarqu\u00e9 Certificat_engagement_et_de_connaissance_Chats_Ulissiens.\"><\/object><a id=\"wp-block-file--media-3b54bda3-16be-429f-9c9e-e71714e07eaf\" href=\"https:\/\/www.chatsulissiens91.fr\/wp-content\/uploads\/2023\/11\/Certificat_engagement_et_de_connaissance_Chats_Ulissiens.pdf\">Certificat_engagement_et_de_connaissance_Chats_Ulissiens<\/a><a href=\"https:\/\/www.chatsulissiens91.fr\/wp-content\/uploads\/2023\/11\/Certificat_engagement_et_de_connaissance_Chats_Ulissiens.pdf\" class=\"wp-block-file__button wp-element-button\" download aria-describedby=\"wp-block-file--media-3b54bda3-16be-429f-9c9e-e71714e07eaf\">T\u00e9l\u00e9charger<\/a><\/div>\n<\/div>\n<\/div>\n\n\n\n<p>A terme, c&rsquo;est l&rsquo;association elle-m\u00eame qui pourra directement certifier votre engagement \u00e9crit.<\/p>\n","protected":false},"excerpt":{"rendered":"<p>Avant toute adoption, vous devez prendre connaissance du certificat d&rsquo;engagement et de connaissance pour l&rsquo;acquisition d&rsquo;un chat (vous devrez le signer 7 jours au moins avant l&rsquo;adoption) : il est obligatoire depuis le d\u00e9cret 2022-1012 du 18 juillet 2022. Contactez nous pour toute question. Le document s&rsquo;afiche \u00e0 droite :\u2026<\/p>\n<p class=\"continue-reading-button\"> <a class=\"continue-reading-link\" href=\"https:\/\/www.chatsulissiens91.fr\/?page_id=9071\">Lire la suite<i class=\"crycon-right-dir\"><\/i><\/a><\/p>\n","protected":false},"author":17,"featured_media":0,"parent":0,"menu_order":0,"comment_status":"closed","ping_status":"closed","template":"","meta":[],"jetpack_sharing_enabled":true,"_links":{"self":[{"href":"https:\/\/www.chatsulissiens91.fr\/index.php?rest_route=\/wp\/v2\/pages\/9071"}],"collection":[{"href":"https:\/\/www.chatsulissiens91.fr\/index.php?rest_route=\/wp\/v2\/pages"}],"about":[{"href":"https:\/\/www.chatsulissiens91.fr\/index.php?rest_route=\/wp\/v2\/types\/page"}],"author":[{"embeddable":true,"href":"https:\/\/www.chatsulissiens91.fr\/index.php?rest_route=\/wp\/v2\/users\/17"}],"replies":[{"embeddable":true,"href":"https:\/\/www.chatsulissiens91.fr\/index.php?rest_route=%2Fwp%2Fv2%2Fcomments&post=9071"}],"version-history":[{"count":3,"href":"https:\/\/www.chatsulissiens91.fr\/index.php?rest_route=\/wp\/v2\/pages\/9071\/revisions"}],"predecessor-version":[{"id":9083,"href":"https:\/\/www.chatsulissiens91.fr\/index.php?rest_route=\/wp\/v2\/pages\/9071\/revisions\/9083"}],"wp:attachment":[{"href":"https:\/\/www.chatsulissiens91.fr\/index.php?rest_route=%2Fwp%2Fv2%2Fmedia&parent=9071"}],"curies":[{"name":"wp","href":"https:\/\/api.w.org\/{rel}","templated":true}]}}