{"id":8550,"date":"2023-07-11T20:17:55","date_gmt":"2023-07-11T19:17:55","guid":{"rendered":"https:\/\/www.chatsulissiens91.fr\/?page_id=8550"},"modified":"2023-11-26T16:52:05","modified_gmt":"2023-11-26T15:52:05","slug":"test-formulaire-avec-captcha","status":"publish","type":"page","link":"https:\/\/www.chatsulissiens91.fr\/?page_id=8550","title":{"rendered":"Formulaire de contact"},"content":{"rendered":"\n<p><strong>Actuellement, le formulaire de contact est d\u00e9sactiv\u00e9. Utilisez plut\u00f4t l&rsquo;adresse mail pour nous laisser un message, ou encore le num\u00e9ro de t\u00e9l\u00e9phone de la page <\/strong><a href=\"https:\/\/www.chatsulissiens91.fr\/?page_id=2357\">Contact<\/a>.<\/p>\n\n\n<div data-form-id=\"8552\" id=\"ctct-form-wrapper-0\" class=\"ctct-form-wrapper\"><span class=\"ctct-form-description\" ><p>Vous pouvez nous laisser un message : le texte est limit\u00e9 \u00e0 2000 caract\u00e8res.<\/p>\n<p>N'oubliez pas de nous indiquer dans le formulaire votre <strong>num\u00e9ro de t\u00e9l\u00e9phone <\/strong>(non obligatoire). Id\u00e9alement, indiquez nous \u00e9galement <strong>votre adresse mail.<\/strong><\/p>\n<p>Si vous n'avez pas d'adresse mail, mettez un mot quelconque dans la case correspondante.<\/p>\n<p><strong>En cas d'urgence, pr\u00e9f\u00e9rez le t\u00e9l\u00e9phone.<\/strong><\/p>\n<\/span><form class=\"ctct-form ctct-form-8552 has-recaptcha\" id=\"ctct-form-4070972834\" data-doajax=\"off\" style=\"\" action=\"\" method=\"post\"><p class=\"ctct-form-field ctct-form-field-text\"><span class=\"ctct-label-top\"><label for=\"first_name___63eefe68a7dc75832fc1a443273ae6d3_0_1255630531\">Pr\u00e9nom <\/label><\/span><input  type=\"text\" name=\"first_name___63eefe68a7dc75832fc1a443273ae6d3\"  value=\"\" maxlength=\"255\" placeholder=\"Ecrivez votre pr\u00e9nom\" class=\"ctct-text ctct-label-top first_name___63eefe68a7dc75832fc1a443273ae6d3\" id=\"first_name___63eefe68a7dc75832fc1a443273ae6d3_0_1255630531\"  \/><\/p><p class=\"ctct-form-field ctct-form-field-text ctct-form-field-required\"><span class=\"ctct-label-top\"><label for=\"last_name___076f2672af80b0efa739c9c3119f94ce_0_4020552029\">NOM (obligatoire) <abbr title=\"required\">*<\/abbr><\/label><\/span><input required type=\"text\" name=\"last_name___076f2672af80b0efa739c9c3119f94ce\"  value=\"\" maxlength=\"255\" placeholder=\"Ecrivez votre nom\" class=\"ctct-text ctct-label-top last_name___076f2672af80b0efa739c9c3119f94ce\" id=\"last_name___076f2672af80b0efa739c9c3119f94ce_0_4020552029\"  \/><\/p><p class=\"ctct-form-field ctct-form-field-tel\"><span class=\"ctct-label-top\"><label for=\"phone_number___ea8f762f14d166c58649e3a8f80c43c9_0_2337253580\">N\u00b0 de t\u00e9l\u00e9phone <\/label><\/span><input  type=\"tel\" name=\"phone_number___ea8f762f14d166c58649e3a8f80c43c9\"  value=\"\"  placeholder=\"Ecrivez votre N\u00b0 de t\u00e9l\u00e9phone\" class=\"ctct-tel ctct-label-top phone_number___ea8f762f14d166c58649e3a8f80c43c9\" id=\"phone_number___ea8f762f14d166c58649e3a8f80c43c9_0_2337253580\" pattern=\"^[0-9\\-\\+\\.()]*\" title=\"numbers, dashes, pluses, periods, and parentheses\" \/><\/p><p class=\"ctct-form-field ctct-form-field-email ctct-form-field-required\"><span class=\"ctct-label-top\"><label for=\"email___ca9ffcfba4a52aac4560f0c5b4d003a7_0_2461810962\">Email (obligatoire) <abbr title=\"required\">*<\/abbr><\/label><\/span><input required type=\"email\" name=\"email___ca9ffcfba4a52aac4560f0c5b4d003a7\"  value=\"\"  placeholder=\"Ecrivez votre adresse mail\" class=\"ctct-email ctct-label-top email___ca9ffcfba4a52aac4560f0c5b4d003a7\" id=\"email___ca9ffcfba4a52aac4560f0c5b4d003a7_0_2461810962\"  \/><\/p><p class=\"ctct-form-field ctct-form-field-required\"><span class=\"ctct-label-top\" style=\"\"><label for=\"custom_text_area___183b9d29a14e5af8e8c65cbd9cc352b2_0\">VOTRE MESSAGE A L&#039;ASSOCIATION (pour plus de lisibilit\u00e9, tirez sur le coin inf\u00e9rieur droit de la fen\u00eatre) <abbr title=\"required\">*<\/abbr><\/label><\/span><textarea class=\"ctct-textarea ctct-label-top\" required name=\"custom_text_area___183b9d29a14e5af8e8c65cbd9cc352b2\" id=\"custom_text_area___183b9d29a14e5af8e8c65cbd9cc352b2_0\" placeholder=\"\" maxlength=\"2000\"><\/textarea><span class=\"ctct-textarea-warning-label\" style=\"\">Limit 2000 Characters<\/span><\/p><div class='ctct-list-selector' style='display:none;'><div class=\"ctct-form-field ctct-form-field-checkbox ctct-form-field-required\"><fieldset><legend class=\"ctct-label-top\">Select list(s) to subscribe to<\/legend><\/fieldset><\/div><\/div><div class=\"g-recaptcha\" data-sitekey=\"6Ld8NR0pAAAAAAExnrmxuG_y3MwMTkPXdW_QeUoa\" data-callback=\"ctctEnableBtn\" data-expired-callback=\"ctctDisableBtn\" data-size=\"normal\"><\/div><p class=\"ctct-form-field ctct-form-field-submit\"><input  type=\"submit\" name=\"ctct-submitted\"  value=\"Envoyer\"   class=\"ctct-submit ctct-label-top ctct-submitted\" id=\"ctct-submitted_0_357941856\"  \/><\/p><div class=\"ctct_usage\"style=\"border: 0 none; clip: rect( 0, 0, 0, 0 ); height: 1px; margin: -1px; overflow: hidden; padding: 0; position: absolute; width: 1px;\"><label for=\"ctct_usage_field\">Constant Contact Use. Please leave this field blank.<\/label><input type=\"text\" value=\"\" id=\"ctct_usage_field\" name=\"ctct_usage_field\" class=\"ctct_usage_field\" tabindex=\"-1\" \/><\/div><input type=\"hidden\" name=\"ctct-id\" value=\"8552\" \/><input type=\"hidden\" name=\"ctct-verify\" value=\"99Y2tm1l8r2XhLJyALaIjAnFr\" \/><input type=\"hidden\" name=\"ctct-instance\" value=\"0\" \/><input type=\"hidden\" name=\"ctct_time\" value=\"1775866623\" \/><\/form><script type=\"text\/javascript\">var ajaxurl = \"https:\/\/www.chatsulissiens91.fr\/wp-admin\/admin-ajax.php\";<\/script><\/div>\n","protected":false},"excerpt":{"rendered":"<p>Actuellement, le formulaire de contact est d\u00e9sactiv\u00e9. Utilisez plut\u00f4t l&rsquo;adresse mail pour nous laisser un message, ou encore le num\u00e9ro de t\u00e9l\u00e9phone de la page Contact.<\/p>\n<p class=\"continue-reading-button\"> <a class=\"continue-reading-link\" href=\"https:\/\/www.chatsulissiens91.fr\/?page_id=8550\">Lire la suite<i class=\"crycon-right-dir\"><\/i><\/a><\/p>\n","protected":false},"author":17,"featured_media":0,"parent":0,"menu_order":0,"comment_status":"closed","ping_status":"closed","template":"","meta":[],"jetpack_sharing_enabled":true,"_links":{"self":[{"href":"https:\/\/www.chatsulissiens91.fr\/index.php?rest_route=\/wp\/v2\/pages\/8550"}],"collection":[{"href":"https:\/\/www.chatsulissiens91.fr\/index.php?rest_route=\/wp\/v2\/pages"}],"about":[{"href":"https:\/\/www.chatsulissiens91.fr\/index.php?rest_route=\/wp\/v2\/types\/page"}],"author":[{"embeddable":true,"href":"https:\/\/www.chatsulissiens91.fr\/index.php?rest_route=\/wp\/v2\/users\/17"}],"replies":[{"embeddable":true,"href":"https:\/\/www.chatsulissiens91.fr\/index.php?rest_route=%2Fwp%2Fv2%2Fcomments&post=8550"}],"version-history":[{"count":6,"href":"https:\/\/www.chatsulissiens91.fr\/index.php?rest_route=\/wp\/v2\/pages\/8550\/revisions"}],"predecessor-version":[{"id":9102,"href":"https:\/\/www.chatsulissiens91.fr\/index.php?rest_route=\/wp\/v2\/pages\/8550\/revisions\/9102"}],"wp:attachment":[{"href":"https:\/\/www.chatsulissiens91.fr\/index.php?rest_route=%2Fwp%2Fv2%2Fmedia&parent=8550"}],"curies":[{"name":"wp","href":"https:\/\/api.w.org\/{rel}","templated":true}]}}