{"id":7873,"date":"2023-03-19T22:44:17","date_gmt":"2023-03-19T21:44:17","guid":{"rendered":"http:\/\/chatsulissiens91.fr\/?page_id=7873"},"modified":"2023-12-07T21:33:01","modified_gmt":"2023-12-07T20:33:01","slug":"trouve-perdu","status":"publish","type":"page","link":"https:\/\/www.chatsulissiens91.fr\/?page_id=7873","title":{"rendered":"Trouv\u00e9 \/ Perdu"},"content":{"rendered":"\n<p>Vous pourrez retrouver nos annonces concernant les chats perdus et trouv\u00e9s sur notre page&nbsp;<a rel=\"noreferrer noopener\" href=\"https:\/\/www.facebook.com\/profile.php?id=100064311474671\" target=\"_blank\">facebook<\/a>.<\/p>\n\n\n\n<p>Si vous n&rsquo;avez pas acc\u00e8s \u00e0 facebook et que vous avez <strong>perdu ou trouv\u00e9 <\/strong>un chat, <strong>faites nous le savoir<\/strong>, nous publierons vos \u00e9l\u00e9ments sur les r\u00e9seaux sociaux (notre mail : <a href=\"mailto:chatsulissiens@gmail.com\" data-type=\"mailto\" data-id=\"mailto:chatsulissiens@yahoo.fr\" target=\"_blank\" rel=\"noreferrer noopener\">chatsulissiens@gmail.com<\/a>).<\/p>\n\n\n\n<div id=\"fb-root\"><\/div>\n<script async defer crossorigin=\"anonymous\" src=\"https:\/\/connect.facebook.net\/fr_FR\/sdk.js#xfbml=1&#038;version=v16.0\" nonce=\"EPJDPgb4\"><\/script>\n<br>\n<div class=\"fb-page\" data-href=\"https:\/\/www.facebook.com\/profile.php?id=100064311474671\" data-tabs=\"timeline\" data-width=\"750\" data-height=\"\" data-small-header=\"false\" data-adapt-container-width=\"true\" data-hide-cover=\"false\" data-show-facepile=\"true\"><blockquote cite=\"https:\/\/www.facebook.com\/profile.php?id=100064311474671\" class=\"fb-xfbml-parse-ignore\"><a href=\"https:\/\/www.facebook.com\/profile.php?id=100064311474671\">Association Chats Ulissiens<\/a><\/blockquote><\/div>\n","protected":false},"excerpt":{"rendered":"<p>Vous pourrez retrouver nos annonces concernant les chats perdus et trouv\u00e9s sur notre page&nbsp;facebook. Si vous n&rsquo;avez pas acc\u00e8s \u00e0 facebook et que vous avez perdu ou trouv\u00e9 un chat, faites nous le savoir, nous publierons vos \u00e9l\u00e9ments sur les r\u00e9seaux sociaux (notre mail : chatsulissiens@gmail.com). Association Chats Ulissiens<\/p>\n<p class=\"continue-reading-button\"> <a class=\"continue-reading-link\" href=\"https:\/\/www.chatsulissiens91.fr\/?page_id=7873\">Lire la suite<i class=\"crycon-right-dir\"><\/i><\/a><\/p>\n","protected":false},"author":17,"featured_media":0,"parent":0,"menu_order":0,"comment_status":"closed","ping_status":"closed","template":"","meta":{"footnotes":""},"class_list":["post-7873","page","type-page","status-publish","hentry"],"jetpack_sharing_enabled":true,"_links":{"self":[{"href":"https:\/\/www.chatsulissiens91.fr\/index.php?rest_route=\/wp\/v2\/pages\/7873","targetHints":{"allow":["GET"]}}],"collection":[{"href":"https:\/\/www.chatsulissiens91.fr\/index.php?rest_route=\/wp\/v2\/pages"}],"about":[{"href":"https:\/\/www.chatsulissiens91.fr\/index.php?rest_route=\/wp\/v2\/types\/page"}],"author":[{"embeddable":true,"href":"https:\/\/www.chatsulissiens91.fr\/index.php?rest_route=\/wp\/v2\/users\/17"}],"replies":[{"embeddable":true,"href":"https:\/\/www.chatsulissiens91.fr\/index.php?rest_route=%2Fwp%2Fv2%2Fcomments&post=7873"}],"version-history":[{"count":10,"href":"https:\/\/www.chatsulissiens91.fr\/index.php?rest_route=\/wp\/v2\/pages\/7873\/revisions"}],"predecessor-version":[{"id":8141,"href":"https:\/\/www.chatsulissiens91.fr\/index.php?rest_route=\/wp\/v2\/pages\/7873\/revisions\/8141"}],"wp:attachment":[{"href":"https:\/\/www.chatsulissiens91.fr\/index.php?rest_route=%2Fwp%2Fv2%2Fmedia&parent=7873"}],"curies":[{"name":"wp","href":"https:\/\/api.w.org\/{rel}","templated":true}]}}