{"id":3769,"date":"2019-02-27T15:47:23","date_gmt":"2019-02-27T14:47:23","guid":{"rendered":"http:\/\/chatsulissiens91.fr\/?page_id=3769"},"modified":"2025-01-25T15:43:47","modified_gmt":"2025-01-25T14:43:47","slug":"nos-partenaires","status":"publish","type":"page","link":"https:\/\/www.chatsulissiens91.fr\/?page_id=3769","title":{"rendered":"Nos Partenaires"},"content":{"rendered":"\n<p><strong>La SPA :<\/strong><\/p>\n\n\n\n<figure class=\"wp-block-image size-large is-resized\"><img loading=\"lazy\" decoding=\"async\" src=\"https:\/\/www.chatsulissiens91.fr\/wp-content\/uploads\/2025\/01\/Logo_laSPA_RVB_72mm-950x1024.png\" alt=\"\" class=\"wp-image-9918\" width=\"242\" height=\"261\" srcset=\"https:\/\/www.chatsulissiens91.fr\/wp-content\/uploads\/2025\/01\/Logo_laSPA_RVB_72mm-950x1024.png 950w, https:\/\/www.chatsulissiens91.fr\/wp-content\/uploads\/2025\/01\/Logo_laSPA_RVB_72mm-278x300.png 278w, https:\/\/www.chatsulissiens91.fr\/wp-content\/uploads\/2025\/01\/Logo_laSPA_RVB_72mm-768x828.png 768w, https:\/\/www.chatsulissiens91.fr\/wp-content\/uploads\/2025\/01\/Logo_laSPA_RVB_72mm-139x150.png 139w, https:\/\/www.chatsulissiens91.fr\/wp-content\/uploads\/2025\/01\/Logo_laSPA_RVB_72mm.png 1213w\" sizes=\"auto, (max-width: 242px) 100vw, 242px\" \/><\/figure>\n\n\n<p><strong>La Mairie des Ulis :<\/strong><\/p>\n<p><img loading=\"lazy\" decoding=\"async\" class=\"alignnone size-full wp-image-3785\" src=\"https:\/\/www.chatsulissiens91.fr\/wp-content\/uploads\/2019\/02\/mairie-ulis.png\" alt=\"\" width=\"233\" height=\"217\" srcset=\"https:\/\/www.chatsulissiens91.fr\/wp-content\/uploads\/2019\/02\/mairie-ulis.png 233w, https:\/\/www.chatsulissiens91.fr\/wp-content\/uploads\/2019\/02\/mairie-ulis-150x140.png 150w\" sizes=\"auto, (max-width: 233px) 100vw, 233px\" \/><\/p>\n<p><strong>Le Conseil d\u00e9partemental de l&rsquo;Essonne :<\/strong><\/p>\n<p><img loading=\"lazy\" decoding=\"async\" class=\"alignnone size-medium wp-image-7855\" src=\"https:\/\/www.chatsulissiens91.fr\/wp-content\/uploads\/2023\/03\/LogoCD_2022_horizontal_bleu_TA-300x118.png\" alt=\"\" width=\"300\" height=\"118\" srcset=\"https:\/\/www.chatsulissiens91.fr\/wp-content\/uploads\/2023\/03\/LogoCD_2022_horizontal_bleu_TA-300x118.png 300w, https:\/\/www.chatsulissiens91.fr\/wp-content\/uploads\/2023\/03\/LogoCD_2022_horizontal_bleu_TA-1024x402.png 1024w, https:\/\/www.chatsulissiens91.fr\/wp-content\/uploads\/2023\/03\/LogoCD_2022_horizontal_bleu_TA-768x301.png 768w, https:\/\/www.chatsulissiens91.fr\/wp-content\/uploads\/2023\/03\/LogoCD_2022_horizontal_bleu_TA-1536x602.png 1536w, https:\/\/www.chatsulissiens91.fr\/wp-content\/uploads\/2023\/03\/LogoCD_2022_horizontal_bleu_TA-150x59.png 150w, https:\/\/www.chatsulissiens91.fr\/wp-content\/uploads\/2023\/03\/LogoCD_2022_horizontal_bleu_TA.png 1558w\" sizes=\"auto, (max-width: 300px) 100vw, 300px\" \/><\/p>\n<p><strong>La Clinique V\u00e9t\u00e9rinaire ULISVET, aux Ulis :<\/strong><\/p>\n<p><img loading=\"lazy\" decoding=\"async\" class=\"alignnone wp-image-9941 \" src=\"https:\/\/www.chatsulissiens91.fr\/wp-content\/uploads\/2025\/01\/454208655_3763814027273208_713064116551866368_n-300x300.jpg\" alt=\"\" width=\"159\" height=\"159\" srcset=\"https:\/\/www.chatsulissiens91.fr\/wp-content\/uploads\/2025\/01\/454208655_3763814027273208_713064116551866368_n-300x300.jpg 300w, https:\/\/www.chatsulissiens91.fr\/wp-content\/uploads\/2025\/01\/454208655_3763814027273208_713064116551866368_n-150x150.jpg 150w, https:\/\/www.chatsulissiens91.fr\/wp-content\/uploads\/2025\/01\/454208655_3763814027273208_713064116551866368_n.jpg 302w\" sizes=\"auto, (max-width: 159px) 100vw, 159px\" \/><\/p>\n<p><strong>La Clinique V\u00e9t\u00e9rinaire Planzi-Hervy-Gouvernet, \u00e0 <span class=\"LrzXr\">Bures-sur-Yvette :<\/span><\/strong><\/p>\n<p><img loading=\"lazy\" decoding=\"async\" class=\"alignnone size-full wp-image-3788\" src=\"https:\/\/www.chatsulissiens91.fr\/wp-content\/uploads\/2019\/02\/clinique-veterinaire.-bures.png\" alt=\"\" width=\"200\" height=\"200\" srcset=\"https:\/\/www.chatsulissiens91.fr\/wp-content\/uploads\/2019\/02\/clinique-veterinaire.-bures.png 200w, https:\/\/www.chatsulissiens91.fr\/wp-content\/uploads\/2019\/02\/clinique-veterinaire.-bures-150x150.png 150w\" sizes=\"auto, (max-width: 200px) 100vw, 200px\" \/><\/p>\n<p><strong>Le Magasin Carrefour Ulis 2, aux Ulis :<\/strong><\/p>\n<p><img loading=\"lazy\" decoding=\"async\" class=\"alignnone size-medium wp-image-3789\" src=\"https:\/\/www.chatsulissiens91.fr\/wp-content\/uploads\/2019\/02\/000259047_5-300x200.jpg\" alt=\"\" width=\"300\" height=\"200\" srcset=\"https:\/\/www.chatsulissiens91.fr\/wp-content\/uploads\/2019\/02\/000259047_5-300x200.jpg 300w, https:\/\/www.chatsulissiens91.fr\/wp-content\/uploads\/2019\/02\/000259047_5-768x512.jpg 768w, https:\/\/www.chatsulissiens91.fr\/wp-content\/uploads\/2019\/02\/000259047_5-150x100.jpg 150w, https:\/\/www.chatsulissiens91.fr\/wp-content\/uploads\/2019\/02\/000259047_5.jpg 930w\" sizes=\"auto, (max-width: 300px) 100vw, 300px\" \/><\/p>\n<p><strong>La Jardinerie Truffaut :<\/strong><\/p>\n<p><img loading=\"lazy\" decoding=\"async\" class=\"alignnone size-medium wp-image-3790\" src=\"https:\/\/www.chatsulissiens91.fr\/wp-content\/uploads\/2019\/02\/Truffaut-JAF-Jardinerie-1200x674-300x169.jpg\" alt=\"\" width=\"300\" height=\"169\" srcset=\"https:\/\/www.chatsulissiens91.fr\/wp-content\/uploads\/2019\/02\/Truffaut-JAF-Jardinerie-1200x674-300x169.jpg 300w, https:\/\/www.chatsulissiens91.fr\/wp-content\/uploads\/2019\/02\/Truffaut-JAF-Jardinerie-1200x674-768x431.jpg 768w, https:\/\/www.chatsulissiens91.fr\/wp-content\/uploads\/2019\/02\/Truffaut-JAF-Jardinerie-1200x674-1024x575.jpg 1024w, https:\/\/www.chatsulissiens91.fr\/wp-content\/uploads\/2019\/02\/Truffaut-JAF-Jardinerie-1200x674-150x84.jpg 150w, https:\/\/www.chatsulissiens91.fr\/wp-content\/uploads\/2019\/02\/Truffaut-JAF-Jardinerie-1200x674.jpg 1200w\" sizes=\"auto, (max-width: 300px) 100vw, 300px\" \/><\/p>\n<p><strong>L&rsquo;animalerie Animalis :<\/strong><\/p>\n<p><img loading=\"lazy\" decoding=\"async\" class=\"alignnone size-full wp-image-7858\" src=\"https:\/\/www.chatsulissiens91.fr\/wp-content\/uploads\/2023\/03\/Logo_animalis.jpg\" alt=\"\" width=\"229\" height=\"82\" srcset=\"https:\/\/www.chatsulissiens91.fr\/wp-content\/uploads\/2023\/03\/Logo_animalis.jpg 229w, https:\/\/www.chatsulissiens91.fr\/wp-content\/uploads\/2023\/03\/Logo_animalis-150x54.jpg 150w\" sizes=\"auto, (max-width: 229px) 100vw, 229px\" \/><\/p>\n<p><strong>Le site internet Seconde Chance :\u00a0<\/strong><\/p>\n<p><img loading=\"lazy\" decoding=\"async\" class=\"alignnone size-medium wp-image-3791\" src=\"https:\/\/www.chatsulissiens91.fr\/wp-content\/uploads\/2019\/02\/logo-highres-300x156.png\" alt=\"\" width=\"300\" height=\"156\" srcset=\"https:\/\/www.chatsulissiens91.fr\/wp-content\/uploads\/2019\/02\/logo-highres-300x156.png 300w, https:\/\/www.chatsulissiens91.fr\/wp-content\/uploads\/2019\/02\/logo-highres-768x399.png 768w, https:\/\/www.chatsulissiens91.fr\/wp-content\/uploads\/2019\/02\/logo-highres-1024x532.png 1024w, https:\/\/www.chatsulissiens91.fr\/wp-content\/uploads\/2019\/02\/logo-highres-150x78.png 150w, https:\/\/www.chatsulissiens91.fr\/wp-content\/uploads\/2019\/02\/logo-highres.png 1776w\" sizes=\"auto, (max-width: 300px) 100vw, 300px\" \/><\/p>\n<p><strong>Le site internet ActuAnimaux :\u00a0<\/strong><\/p>\n<p><img loading=\"lazy\" decoding=\"async\" class=\"alignnone size-medium wp-image-3792\" src=\"https:\/\/www.chatsulissiens91.fr\/wp-content\/uploads\/2019\/02\/actuanimaux-comment-ca-marche_zoom-300x140.jpeg\" alt=\"\" width=\"300\" height=\"140\" srcset=\"https:\/\/www.chatsulissiens91.fr\/wp-content\/uploads\/2019\/02\/actuanimaux-comment-ca-marche_zoom-300x140.jpeg 300w, https:\/\/www.chatsulissiens91.fr\/wp-content\/uploads\/2019\/02\/actuanimaux-comment-ca-marche_zoom-768x357.jpeg 768w, https:\/\/www.chatsulissiens91.fr\/wp-content\/uploads\/2019\/02\/actuanimaux-comment-ca-marche_zoom-150x70.jpeg 150w, https:\/\/www.chatsulissiens91.fr\/wp-content\/uploads\/2019\/02\/actuanimaux-comment-ca-marche_zoom.jpeg 800w\" sizes=\"auto, (max-width: 300px) 100vw, 300px\" \/><\/p>\n<p><strong>Le site internet Hello Asso :<\/strong><\/p>\n<p><img loading=\"lazy\" decoding=\"async\" class=\"alignnone size-full wp-image-7857\" src=\"https:\/\/www.chatsulissiens91.fr\/wp-content\/uploads\/2023\/03\/Logo_Hello_Asso.png\" alt=\"\" width=\"197\" height=\"53\" srcset=\"https:\/\/www.chatsulissiens91.fr\/wp-content\/uploads\/2023\/03\/Logo_Hello_Asso.png 197w, https:\/\/www.chatsulissiens91.fr\/wp-content\/uploads\/2023\/03\/Logo_Hello_Asso-150x40.png 150w\" sizes=\"auto, (max-width: 197px) 100vw, 197px\" \/><\/p>\n\n\n<p><strong>La fondation Brigitte Bardot :<\/strong><\/p>\n\n\n\n<figure class=\"wp-block-image size-full\"><img loading=\"lazy\" decoding=\"async\" width=\"258\" height=\"190\" src=\"https:\/\/www.chatsulissiens91.fr\/wp-content\/uploads\/2023\/04\/Logo_fondation_Brigitte_Bardot.png\" alt=\"\" class=\"wp-image-8218\" srcset=\"https:\/\/www.chatsulissiens91.fr\/wp-content\/uploads\/2023\/04\/Logo_fondation_Brigitte_Bardot.png 258w, https:\/\/www.chatsulissiens91.fr\/wp-content\/uploads\/2023\/04\/Logo_fondation_Brigitte_Bardot-150x110.png 150w\" sizes=\"auto, (max-width: 258px) 100vw, 258px\" \/><\/figure>\n","protected":false},"excerpt":{"rendered":"<p>La SPA : La Mairie des Ulis : Le Conseil d\u00e9partemental de l&rsquo;Essonne : La Clinique V\u00e9t\u00e9rinaire ULISVET, aux Ulis : La Clinique V\u00e9t\u00e9rinaire Planzi-Hervy-Gouvernet, \u00e0 Bures-sur-Yvette : Le Magasin Carrefour Ulis 2, aux Ulis : La Jardinerie Truffaut : L&rsquo;animalerie Animalis : Le site internet Seconde Chance :\u00a0 Le\u2026<\/p>\n<p class=\"continue-reading-button\"> <a class=\"continue-reading-link\" href=\"https:\/\/www.chatsulissiens91.fr\/?page_id=3769\">Lire la suite<i class=\"crycon-right-dir\"><\/i><\/a><\/p>\n","protected":false},"author":17,"featured_media":0,"parent":0,"menu_order":0,"comment_status":"closed","ping_status":"closed","template":"","meta":{"footnotes":""},"class_list":["post-3769","page","type-page","status-publish","hentry"],"jetpack_sharing_enabled":true,"_links":{"self":[{"href":"https:\/\/www.chatsulissiens91.fr\/index.php?rest_route=\/wp\/v2\/pages\/3769","targetHints":{"allow":["GET"]}}],"collection":[{"href":"https:\/\/www.chatsulissiens91.fr\/index.php?rest_route=\/wp\/v2\/pages"}],"about":[{"href":"https:\/\/www.chatsulissiens91.fr\/index.php?rest_route=\/wp\/v2\/types\/page"}],"author":[{"embeddable":true,"href":"https:\/\/www.chatsulissiens91.fr\/index.php?rest_route=\/wp\/v2\/users\/17"}],"replies":[{"embeddable":true,"href":"https:\/\/www.chatsulissiens91.fr\/index.php?rest_route=%2Fwp%2Fv2%2Fcomments&post=3769"}],"version-history":[{"count":9,"href":"https:\/\/www.chatsulissiens91.fr\/index.php?rest_route=\/wp\/v2\/pages\/3769\/revisions"}],"predecessor-version":[{"id":9942,"href":"https:\/\/www.chatsulissiens91.fr\/index.php?rest_route=\/wp\/v2\/pages\/3769\/revisions\/9942"}],"wp:attachment":[{"href":"https:\/\/www.chatsulissiens91.fr\/index.php?rest_route=%2Fwp%2Fv2%2Fmedia&parent=3769"}],"curies":[{"name":"wp","href":"https:\/\/api.w.org\/{rel}","templated":true}]}}