{"id":373,"date":"2015-05-24T17:38:27","date_gmt":"2015-05-24T16:38:27","guid":{"rendered":"http:\/\/chatsulissiens91.fr\/?page_id=373"},"modified":"2025-10-11T12:51:01","modified_gmt":"2025-10-11T11:51:01","slug":"accueil","status":"publish","type":"page","link":"https:\/\/www.chatsulissiens91.fr\/","title":{"rendered":"Bienvenue sur le site de l&rsquo;association Chats Ulissiens !"},"content":{"rendered":"\n<div id=\"metaslider-id-8221\" style=\"width: 100%;\" class=\"ml-slider-3-105-0 metaslider metaslider-flex metaslider-8221 ml-slider has-dots-nav ms-theme-default\" role=\"region\" aria-label=\"Nouveau diaporama\" data-height=\"91\" data-width=\"910\">\n    <div id=\"metaslider_container_8221\">\n        <div id=\"metaslider_8221\">\n            <ul class='slides'>\n                <li style=\"display: block; width: 100%;\" class=\"slide-9626 ms-image \" aria-roledescription=\"slide\" data-date=\"2024-06-16 18:11:36\" data-filename=\"bandeau-boutique-crochets.png\" data-slide-type=\"image\"><img src=\"https:\/\/www.chatsulissiens91.fr\/wp-content\/uploads\/2025\/07\/bandeau-boutique-crochets.png\" height=\"91\" width=\"910\" alt=\"\" class=\"slider-8221 slide-9626 msDefaultImage\" title=\"bandeau boutique crochets\" \/><\/li>\n                <li style=\"display: none; width: 100%;\" class=\"slide-10137 ms-image \" aria-roledescription=\"slide\" data-date=\"2025-07-27 17:29:53\" data-filename=\"bandeau-plus-demandes-abandons.png\" data-slide-type=\"image\"><img src=\"https:\/\/www.chatsulissiens91.fr\/wp-content\/uploads\/2025\/07\/bandeau-plus-demandes-abandons.png\" height=\"91\" width=\"910\" alt=\"\" class=\"slider-8221 slide-10137 msDefaultImage\" title=\"bandeau plus demandes abandons\" \/><\/li>\n                <li style=\"display: none; width: 100%;\" class=\"slide-9803 ms-image \" aria-roledescription=\"slide\" data-date=\"2024-11-16 19:21:32\" data-filename=\"Banniere-site-adresses-associations.png\" data-slide-type=\"image\"><img src=\"https:\/\/www.chatsulissiens91.fr\/wp-content\/uploads\/2024\/11\/Banniere-site-adresses-associations.png\" height=\"91\" width=\"910\" alt=\"\" class=\"slider-8221 slide-9803 msDefaultImage\" title=\"Banni\u00e8re site adresses associations\" \/><\/li>\n                <li style=\"display: none; width: 100%;\" class=\"slide-9079 ms-image \" aria-roledescription=\"slide\" data-date=\"2023-11-25 12:25:42\" data-filename=\"bandeau-21-janv-3.png\" data-slide-type=\"image\"><img src=\"https:\/\/www.chatsulissiens91.fr\/wp-content\/uploads\/2024\/01\/bandeau-21-janv-3.png\" height=\"91\" width=\"910\" alt=\"\" class=\"slider-8221 slide-9079 msDefaultImage\" title=\"bandeau 21 janv 3\" \/><\/li>\n                <li style=\"display: none; width: 100%;\" class=\"slide-10139 ms-image \" aria-roledescription=\"slide\" data-date=\"2025-07-27 17:30:30\" data-filename=\"bandeau-rappel-prise-en-charge.png\" data-slide-type=\"image\"><img src=\"https:\/\/www.chatsulissiens91.fr\/wp-content\/uploads\/2025\/07\/bandeau-rappel-prise-en-charge.png\" height=\"91\" width=\"910\" alt=\"\" class=\"slider-8221 slide-10139 msDefaultImage\" title=\"bandeau rappel prise en charge\" \/><\/li>\n                <li style=\"display: none; width: 100%;\" class=\"slide-9324 ms-image \" aria-roledescription=\"slide\" data-date=\"2024-01-01 20:12:37\" data-filename=\"bandeau-21-janv-2-910x91.png\" data-slide-type=\"image\"><img src=\"https:\/\/www.chatsulissiens91.fr\/wp-content\/uploads\/2024\/01\/bandeau-21-janv-2-910x91.png\" height=\"91\" width=\"910\" alt=\"\" class=\"slider-8221 slide-9324 msDefaultImage\" title=\"bandeau 21 janv 2\" \/><\/li>\n                <li style=\"display: none; width: 100%;\" class=\"slide-10306 ms-image \" aria-roledescription=\"slide\" data-date=\"2026-01-18 22:56:56\" data-filename=\"bandeau-adhesion-helloasso.png\" data-slide-type=\"image\"><img src=\"https:\/\/www.chatsulissiens91.fr\/wp-content\/uploads\/2026\/01\/bandeau-adhesion-helloasso.png\" height=\"91\" width=\"910\" alt=\"\" class=\"slider-8221 slide-10306 msDefaultImage\" title=\"bandeau-adhesion-helloasso\" \/><\/li>\n            <\/ul>\n        <\/div>\n        \n    <\/div>\n<\/div>\n\n\n\n<p class=\"has-text-align-center has-large-font-size\"><\/p>\n\n\n\n<div class=\"wp-block-columns is-layout-flex wp-container-4\">\n<div class=\"wp-block-column is-vertically-aligned-top is-layout-flow\"><div class=\"wp-block-image\">\n<figure class=\"aligncenter size-large is-resized\"><img decoding=\"async\" loading=\"lazy\" src=\"https:\/\/www.chatsulissiens91.fr\/wp-content\/uploads\/2025\/07\/516759828_1170187448468293_6756742222493365153_n-1024x1024.jpg\" alt=\"\" class=\"wp-image-10112\" width=\"420\" height=\"420\" srcset=\"https:\/\/www.chatsulissiens91.fr\/wp-content\/uploads\/2025\/07\/516759828_1170187448468293_6756742222493365153_n-1024x1024.jpg 1024w, https:\/\/www.chatsulissiens91.fr\/wp-content\/uploads\/2025\/07\/516759828_1170187448468293_6756742222493365153_n-300x300.jpg 300w, https:\/\/www.chatsulissiens91.fr\/wp-content\/uploads\/2025\/07\/516759828_1170187448468293_6756742222493365153_n-150x150.jpg 150w, https:\/\/www.chatsulissiens91.fr\/wp-content\/uploads\/2025\/07\/516759828_1170187448468293_6756742222493365153_n-768x768.jpg 768w, https:\/\/www.chatsulissiens91.fr\/wp-content\/uploads\/2025\/07\/516759828_1170187448468293_6756742222493365153_n.jpg 1080w\" sizes=\"(max-width: 420px) 100vw, 420px\" \/><\/figure><\/div><\/div>\n\n\n\n<div class=\"wp-block-column is-vertically-aligned-top is-layout-flow\">\n<p class=\"has-text-align-center has-medium-font-size\">Notre association,<strong> Association Chats Ulissiens<\/strong>, est une association \u00e0 but non lucratif ayant pour vocation <strong>le soin des chats libres des Ulis <\/strong>: leur trappage, leur identification, leur st\u00e9rilisation, leur vaccination et leur nourrissage.<\/p>\n\n\n\n<p class=\"has-text-align-center has-medium-font-size\">&#x1f933;<span style=\"color: var(--wp--preset--color--cyan-bluish-gray); font-size: var(--wp--preset--font-size--medium); text-align: center;\">06.71.95.67.49<\/span>  <\/p>\n\n\n\n<p class=\"has-text-align-center has-small-font-size\">&#x1f4bb; <a rel=\"noreferrer noopener\" href=\"mailto:chatsulissiens@gmail.com\" target=\"_blank\">chatsulissiens@gmail.com<\/a><\/p>\n\n\n\n<div class=\"wp-block-buttons is-content-justification-center is-layout-flex wp-container-2\">\n<div class=\"wp-block-button\"><a class=\"wp-block-button__link has-black-background-color has-background wp-element-button\" href=\"https:\/\/www.chatsulissiens91.fr\/?page_id=325\" target=\"_blank\" rel=\"noreferrer noopener\">FAIRE UN DON &#x1f970;<\/a><\/div>\n\n\n\n<div class=\"wp-block-button\"><a class=\"wp-block-button__link has-black-background-color has-background wp-element-button\" href=\"https:\/\/www.teaming.net\/chatsulissiens\" target=\"_blank\" rel=\"noreferrer noopener\">DONNEZ 1\u20ac\/MOIS AVEC TEAMING &#x1f917;<\/a><\/div>\n\n\n\n<div class=\"wp-block-button\"><a class=\"wp-block-button__link has-black-background-color has-background wp-element-button\" href=\"https:\/\/www.helloasso.com\/associations\/chats-ulissiens\/boutiques\/ours-en-crochet\" target=\"_blank\" rel=\"noreferrer noopener\">ACHETEZ UNE PELUCHE EN CROCHET FAIT MAIN&#x1f9f6;<\/a><\/div>\n<\/div>\n<\/div>\n<\/div>\n\n\n\n<p><\/p>\n\n\n\n<div class=\"alignnormal\"><div id=\"metaslider-id-9938\" style=\"max-width: 690px; margin: 0 auto;\" class=\"ml-slider-3-105-0 metaslider metaslider-flex metaslider-9938 ml-slider has-dots-nav ms-theme-default-base\" role=\"region\" aria-label=\"Bandeau partenaire\" data-height=\"162\" data-width=\"690\">\n    <div id=\"metaslider_container_9938\">\n        <div id=\"metaslider_9938\">\n            <ul class='slides'>\n                <li style=\"display: block; width: 100%;\" class=\"slide-9944 ms-image \" aria-roledescription=\"slide\" data-date=\"2025-01-25 15:51:25\" data-filename=\"bandeau-partenaire.png\" data-slide-type=\"image\"><img src=\"https:\/\/www.chatsulissiens91.fr\/wp-content\/uploads\/2025\/01\/bandeau-partenaire.png\" height=\"162\" width=\"690\" alt=\"\" class=\"slider-9938 slide-9944 msDefaultImage\" title=\"bandeau partenaire\" \/><\/li>\n            <\/ul>\n        <\/div>\n        \n    <\/div>\n<\/div><\/div>\n\n\n\n<p class=\"has-text-align-center has-medium-font-size\"><strong>&#8212;&#8212;&#8212;&#8212;&#8212;&#8212;<\/strong><\/p>\n\n\n\n<p class=\"has-text-align-center has-large-font-size\"> <strong>Notre Actu&rsquo; <\/strong><\/p>\n\n\n\n<p><\/p>\n\n\n<ul class=\"wp-block-latest-posts__list is-grid columns-3 wp-block-latest-posts\"><li><a class=\"wp-block-latest-posts__post-title\" href=\"https:\/\/www.chatsulissiens91.fr\/?p=10308\">Franc succ\u00e8s pour notre collecte chez Truffaut (14-15 f\u00e9vrier)<\/a><\/li>\n<li><a class=\"wp-block-latest-posts__post-title\" href=\"https:\/\/www.chatsulissiens91.fr\/?p=10290\">Nos b\u00e9n\u00e9voles pr\u00e9sents \u00e0 la brocante de Bures dimanche 30 novembre<\/a><\/li>\n<li><a class=\"wp-block-latest-posts__post-title\" href=\"https:\/\/www.chatsulissiens91.fr\/?p=10278\">Prochaine collecte &#8211; Truffaut Les Ulis les 13 et 14 d\u00e9cembre<\/a><\/li>\n<\/ul>\n\n\n<p class=\"has-text-align-center has-medium-font-size\"><strong>&#8212;&#8212;&#8212;&#8212;&#8212;&#8212;<\/strong><\/p>\n\n\n\n<p class=\"has-text-align-center has-large-font-size\"><strong>En attente de famille d&rsquo;accueil ~<\/strong><\/p>\n\n\n<ul class=\"wp-block-latest-posts__list is-grid columns-3 wp-block-latest-posts\"><\/ul>\n\n\n<p class=\"has-text-align-center has-medium-font-size\"><strong>&#8212;&#8212;&#8212;&#8212;&#8212;&#8212;<\/strong><\/p>\n\n\n\n<p class=\"has-text-align-center has-large-font-size\"><strong>Nos candidats \u00e0 l&rsquo;adoption <\/strong>~<\/p>\n\n\n\n<p><\/p>\n\n\n<ul class=\"wp-block-latest-posts__list is-grid columns-3 wp-block-latest-posts\"><li><div class=\"wp-block-latest-posts__featured-image aligncenter\"><a href=\"https:\/\/www.chatsulissiens91.fr\/?p=9369\" title=\"&#x26a0;&#xfe0f; RELANCE \u2013 Notre Tigresse attend toujours sa famille &#x1f49e;&#x1f63f;\"><img width=\"278\" height=\"300\" src=\"https:\/\/www.chatsulissiens91.fr\/wp-content\/uploads\/2024\/01\/419188949_351205711000606_6405949231866866774_n-278x300.jpg\" class=\"attachment-medium size-medium wp-post-image\" alt=\"\" decoding=\"async\" loading=\"lazy\" style=\"max-height:251px;\" srcset=\"https:\/\/www.chatsulissiens91.fr\/wp-content\/uploads\/2024\/01\/419188949_351205711000606_6405949231866866774_n-278x300.jpg 278w, https:\/\/www.chatsulissiens91.fr\/wp-content\/uploads\/2024\/01\/419188949_351205711000606_6405949231866866774_n-139x150.jpg 139w, https:\/\/www.chatsulissiens91.fr\/wp-content\/uploads\/2024\/01\/419188949_351205711000606_6405949231866866774_n.jpg 304w\" sizes=\"(max-width: 278px) 100vw, 278px\" \/><\/a><\/div><a class=\"wp-block-latest-posts__post-title\" href=\"https:\/\/www.chatsulissiens91.fr\/?p=9369\">&#x26a0;&#xfe0f; RELANCE \u2013 Notre Tigresse attend toujours sa famille &#x1f49e;&#x1f63f;<\/a><div class=\"wp-block-latest-posts__post-excerpt\">Rrrrr, je suis Tigresse ! On m&rsquo;a nomm\u00e9 ainsi parce que j&rsquo;ai la m\u00eame\u2026<p class=\"continue-reading-button\"> <a class=\"continue-reading-link\" href=\"https:\/\/www.chatsulissiens91.fr\/?p=9369\">Lire la suite<i class=\"crycon-right-dir\"><\/i><\/a><\/p><\/div><\/li>\n<\/ul>\n\n\n<p class=\"has-text-align-center has-medium-font-size\"><strong>&#8212;&#8212;&#8212;&#8212;&#8212;&#8212;<\/strong><\/p>\n\n\n\n<p class=\"has-text-align-center has-large-font-size\"><strong>Les derni\u00e8res nouvelles de nos adopt\u00e9s<\/strong> ~<\/p>\n\n\n\n<p><\/p>\n\n\n\n<p class=\"has-text-align-center has-large-font-size\">&#x1f63d;&#x1f49e;<\/p>\n\n\n<ul class=\"wp-block-latest-posts__list is-grid columns-3 wp-block-latest-posts\"><li><div class=\"wp-block-latest-posts__featured-image\"><a href=\"https:\/\/www.chatsulissiens91.fr\/?p=10175\" title=\"Des nouvelles d&#039;Artus : tout va super bien pour lui !\"><img width=\"300\" height=\"300\" src=\"https:\/\/www.chatsulissiens91.fr\/wp-content\/uploads\/2025\/09\/5-300x300.png\" class=\"attachment-medium size-medium wp-post-image\" alt=\"\" decoding=\"async\" loading=\"lazy\" style=\"\" srcset=\"https:\/\/www.chatsulissiens91.fr\/wp-content\/uploads\/2025\/09\/5-300x300.png 300w, https:\/\/www.chatsulissiens91.fr\/wp-content\/uploads\/2025\/09\/5-1024x1024.png 1024w, https:\/\/www.chatsulissiens91.fr\/wp-content\/uploads\/2025\/09\/5-150x150.png 150w, https:\/\/www.chatsulissiens91.fr\/wp-content\/uploads\/2025\/09\/5-768x768.png 768w, https:\/\/www.chatsulissiens91.fr\/wp-content\/uploads\/2025\/09\/5.png 1080w\" sizes=\"(max-width: 300px) 100vw, 300px\" \/><\/a><\/div><a class=\"wp-block-latest-posts__post-title\" href=\"https:\/\/www.chatsulissiens91.fr\/?p=10175\">Des nouvelles d&rsquo;Artus : tout va super bien pour lui !<\/a><\/li>\n<li><div class=\"wp-block-latest-posts__featured-image\"><a href=\"https:\/\/www.chatsulissiens91.fr\/?p=10107\" title=\"&#x1f917; Des nouvelles de Vasih &#x1f49e;\"><img width=\"300\" height=\"300\" src=\"https:\/\/www.chatsulissiens91.fr\/wp-content\/uploads\/2025\/09\/4-300x300.png\" class=\"attachment-medium size-medium wp-post-image\" alt=\"\" decoding=\"async\" loading=\"lazy\" style=\"\" srcset=\"https:\/\/www.chatsulissiens91.fr\/wp-content\/uploads\/2025\/09\/4-300x300.png 300w, https:\/\/www.chatsulissiens91.fr\/wp-content\/uploads\/2025\/09\/4-1024x1024.png 1024w, https:\/\/www.chatsulissiens91.fr\/wp-content\/uploads\/2025\/09\/4-150x150.png 150w, https:\/\/www.chatsulissiens91.fr\/wp-content\/uploads\/2025\/09\/4-768x768.png 768w, https:\/\/www.chatsulissiens91.fr\/wp-content\/uploads\/2025\/09\/4.png 1080w\" sizes=\"(max-width: 300px) 100vw, 300px\" \/><\/a><\/div><a class=\"wp-block-latest-posts__post-title\" href=\"https:\/\/www.chatsulissiens91.fr\/?p=10107\">&#x1f917; Des nouvelles de Vasih &#x1f49e;<\/a><\/li>\n<li><div class=\"wp-block-latest-posts__featured-image\"><a href=\"https:\/\/www.chatsulissiens91.fr\/?p=10102\" title=\"&#x1f917; Des nouvelles de Minouche &#x1f49e;\"><img width=\"300\" height=\"300\" src=\"https:\/\/www.chatsulissiens91.fr\/wp-content\/uploads\/2025\/09\/1-300x300.png\" class=\"attachment-medium size-medium wp-post-image\" alt=\"\" decoding=\"async\" loading=\"lazy\" style=\"\" srcset=\"https:\/\/www.chatsulissiens91.fr\/wp-content\/uploads\/2025\/09\/1-300x300.png 300w, https:\/\/www.chatsulissiens91.fr\/wp-content\/uploads\/2025\/09\/1-1024x1024.png 1024w, https:\/\/www.chatsulissiens91.fr\/wp-content\/uploads\/2025\/09\/1-150x150.png 150w, https:\/\/www.chatsulissiens91.fr\/wp-content\/uploads\/2025\/09\/1-768x768.png 768w, https:\/\/www.chatsulissiens91.fr\/wp-content\/uploads\/2025\/09\/1.png 1080w\" sizes=\"(max-width: 300px) 100vw, 300px\" \/><\/a><\/div><a class=\"wp-block-latest-posts__post-title\" href=\"https:\/\/www.chatsulissiens91.fr\/?p=10102\">&#x1f917; Des nouvelles de Minouche &#x1f49e;<\/a><\/li>\n<li><div class=\"wp-block-latest-posts__featured-image\"><a href=\"https:\/\/www.chatsulissiens91.fr\/?p=10095\" title=\"&#x1f917; Des nouvelles de Totoro, anciennement Urgo &#x1f49e;\"><img width=\"300\" height=\"300\" src=\"https:\/\/www.chatsulissiens91.fr\/wp-content\/uploads\/2025\/09\/2-300x300.png\" class=\"attachment-medium size-medium wp-post-image\" alt=\"\" decoding=\"async\" loading=\"lazy\" style=\"\" srcset=\"https:\/\/www.chatsulissiens91.fr\/wp-content\/uploads\/2025\/09\/2-300x300.png 300w, https:\/\/www.chatsulissiens91.fr\/wp-content\/uploads\/2025\/09\/2-1024x1024.png 1024w, https:\/\/www.chatsulissiens91.fr\/wp-content\/uploads\/2025\/09\/2-150x150.png 150w, https:\/\/www.chatsulissiens91.fr\/wp-content\/uploads\/2025\/09\/2-768x768.png 768w, https:\/\/www.chatsulissiens91.fr\/wp-content\/uploads\/2025\/09\/2.png 1080w\" sizes=\"(max-width: 300px) 100vw, 300px\" \/><\/a><\/div><a class=\"wp-block-latest-posts__post-title\" href=\"https:\/\/www.chatsulissiens91.fr\/?p=10095\">&#x1f917; Des nouvelles de Totoro, anciennement Urgo &#x1f49e;<\/a><\/li>\n<li><div class=\"wp-block-latest-posts__featured-image\"><a href=\"https:\/\/www.chatsulissiens91.fr\/?p=9988\" title=\"&#x1f49e; ADOPTEE \u2013 Maya est aupr\u00e8s de sa nouvelle famille pour la vie ! &#x1f970;\"><img width=\"300\" height=\"300\" src=\"https:\/\/www.chatsulissiens91.fr\/wp-content\/uploads\/2025\/09\/6-300x300.png\" class=\"attachment-medium size-medium wp-post-image\" alt=\"\" decoding=\"async\" loading=\"lazy\" style=\"\" srcset=\"https:\/\/www.chatsulissiens91.fr\/wp-content\/uploads\/2025\/09\/6-300x300.png 300w, https:\/\/www.chatsulissiens91.fr\/wp-content\/uploads\/2025\/09\/6-1024x1024.png 1024w, https:\/\/www.chatsulissiens91.fr\/wp-content\/uploads\/2025\/09\/6-150x150.png 150w, https:\/\/www.chatsulissiens91.fr\/wp-content\/uploads\/2025\/09\/6-768x768.png 768w, https:\/\/www.chatsulissiens91.fr\/wp-content\/uploads\/2025\/09\/6.png 1080w\" sizes=\"(max-width: 300px) 100vw, 300px\" \/><\/a><\/div><a class=\"wp-block-latest-posts__post-title\" href=\"https:\/\/www.chatsulissiens91.fr\/?p=9988\">&#x1f49e; ADOPTEE \u2013 Maya est aupr\u00e8s de sa nouvelle famille pour la vie ! &#x1f970;<\/a><\/li>\n<li><div class=\"wp-block-latest-posts__featured-image\"><a href=\"https:\/\/www.chatsulissiens91.fr\/?p=9901\" title=\"&#x1f917; Des nouvelles de Poupi &#x1f49e;\"><img width=\"300\" height=\"300\" src=\"https:\/\/www.chatsulissiens91.fr\/wp-content\/uploads\/2025\/09\/7-300x300.png\" class=\"attachment-medium size-medium wp-post-image\" alt=\"\" decoding=\"async\" loading=\"lazy\" style=\"\" srcset=\"https:\/\/www.chatsulissiens91.fr\/wp-content\/uploads\/2025\/09\/7-300x300.png 300w, https:\/\/www.chatsulissiens91.fr\/wp-content\/uploads\/2025\/09\/7-1024x1024.png 1024w, https:\/\/www.chatsulissiens91.fr\/wp-content\/uploads\/2025\/09\/7-150x150.png 150w, https:\/\/www.chatsulissiens91.fr\/wp-content\/uploads\/2025\/09\/7-768x768.png 768w, https:\/\/www.chatsulissiens91.fr\/wp-content\/uploads\/2025\/09\/7.png 1080w\" sizes=\"(max-width: 300px) 100vw, 300px\" \/><\/a><\/div><a class=\"wp-block-latest-posts__post-title\" href=\"https:\/\/www.chatsulissiens91.fr\/?p=9901\">&#x1f917; Des nouvelles de Poupi &#x1f49e;<\/a><\/li>\n<\/ul>\n\n\n<p><\/p>\n","protected":false},"excerpt":{"rendered":"<p>Notre association, Association Chats Ulissiens, est une association \u00e0 but non lucratif ayant pour vocation le soin des chats libres des Ulis : leur trappage, leur identification, leur st\u00e9rilisation, leur vaccination et leur nourrissage. &#x1f933;06.71.95.67.49 &#x1f4bb; chatsulissiens@gmail.com &#8212;&#8212;&#8212;&#8212;&#8212;&#8212; Notre Actu&rsquo; &#8212;&#8212;&#8212;&#8212;&#8212;&#8212; En attente de famille d&rsquo;accueil ~ &#8212;&#8212;&#8212;&#8212;&#8212;&#8212; Nos candidats\u2026<\/p>\n<p class=\"continue-reading-button\"> <a class=\"continue-reading-link\" href=\"https:\/\/www.chatsulissiens91.fr\/\">Lire la suite<i class=\"crycon-right-dir\"><\/i><\/a><\/p>\n","protected":false},"author":17,"featured_media":0,"parent":0,"menu_order":0,"comment_status":"closed","ping_status":"closed","template":"","meta":[],"jetpack_sharing_enabled":true,"_links":{"self":[{"href":"https:\/\/www.chatsulissiens91.fr\/index.php?rest_route=\/wp\/v2\/pages\/373"}],"collection":[{"href":"https:\/\/www.chatsulissiens91.fr\/index.php?rest_route=\/wp\/v2\/pages"}],"about":[{"href":"https:\/\/www.chatsulissiens91.fr\/index.php?rest_route=\/wp\/v2\/types\/page"}],"author":[{"embeddable":true,"href":"https:\/\/www.chatsulissiens91.fr\/index.php?rest_route=\/wp\/v2\/users\/17"}],"replies":[{"embeddable":true,"href":"https:\/\/www.chatsulissiens91.fr\/index.php?rest_route=%2Fwp%2Fv2%2Fcomments&post=373"}],"version-history":[{"count":117,"href":"https:\/\/www.chatsulissiens91.fr\/index.php?rest_route=\/wp\/v2\/pages\/373\/revisions"}],"predecessor-version":[{"id":10238,"href":"https:\/\/www.chatsulissiens91.fr\/index.php?rest_route=\/wp\/v2\/pages\/373\/revisions\/10238"}],"wp:attachment":[{"href":"https:\/\/www.chatsulissiens91.fr\/index.php?rest_route=%2Fwp%2Fv2%2Fmedia&parent=373"}],"curies":[{"name":"wp","href":"https:\/\/api.w.org\/{rel}","templated":true}]}}