{"id":328,"date":"2015-05-17T21:53:01","date_gmt":"2015-05-17T20:53:01","guid":{"rendered":"http:\/\/chatsulissiens91.fr\/?page_id=328"},"modified":"2023-04-10T20:43:50","modified_gmt":"2023-04-10T19:43:50","slug":"devenir-famille-daccueil","status":"publish","type":"page","link":"https:\/\/www.chatsulissiens91.fr\/?page_id=328","title":{"rendered":"Devenir Famille d&rsquo;Accueil"},"content":{"rendered":"<div><img loading=\"lazy\" decoding=\"async\" class=\"size-medium wp-image-699 aligncenter\" src=\"https:\/\/www.chatsulissiens91.fr\/wp-content\/uploads\/2015\/08\/Idylle-1-300x225.jpg\" alt=\"\" width=\"300\" height=\"225\" srcset=\"https:\/\/www.chatsulissiens91.fr\/wp-content\/uploads\/2015\/08\/Idylle-1-300x225.jpg 300w, https:\/\/www.chatsulissiens91.fr\/wp-content\/uploads\/2015\/08\/Idylle-1-200x150.jpg 200w, https:\/\/www.chatsulissiens91.fr\/wp-content\/uploads\/2015\/08\/Idylle-1-150x113.jpg 150w, https:\/\/www.chatsulissiens91.fr\/wp-content\/uploads\/2015\/08\/Idylle-1.jpg 960w\" sizes=\"auto, (max-width: 300px) 100vw, 300px\" \/><\/div>\n<div><\/div>\n<div><strong>L&rsquo;association n&rsquo;ayant pas de structure suffisante pour accueillir les chats et chatons de la ville, nous sollicitons des familles d&rsquo;accueil (appel\u00e9es FA). Ces familles d&rsquo;accueil s&rsquo;engagent aupr\u00e8s de l&rsquo;association \u00e0 accueillir un animal chez elles jusqu&rsquo;\u00e0 son adoption d\u00e9finitive. Elles nous permettent de sauver des vies et d&rsquo;offrir un toit aux chats et chatons.<\/strong><\/div>\n<div>\n<p align=\"LEFT\">Lorsque vous \u00eates FA, l&rsquo;alimentation et les soins sont pris en charge par l&rsquo;association (si vous ne le pouvez pas). Nous vous demandrons juste d&rsquo;amener le chat\/chaton chez nos v\u00e9t\u00e9rinaires pour son premier vaccin ainsi que pour son rappel. Vous proc\u00e9drez \u00e9galement \u00e0 sa socialisation (des papouilles !) et lui (re)donnez confiance en l&rsquo;homme. Vous devrez aussi imp\u00e9rativement nous donner des nouvelles et nous envoyer des photos afin que l&rsquo;on puisse pr\u00e9parer au mieux les futures adoptions. En effet, m\u00eame si le chat n&rsquo;est pas encore pr\u00eat \u00e0 l&rsquo;adoption (manque d&rsquo;un vaccin, attente d&rsquo;une op\u00e9ration, socialisation en cours, etc), nous anticipons sa future vie de chat adopt\u00e9. Il peut tout simplement \u00eatre d\u00e9j\u00e0 r\u00e9serv\u00e9 en attendant le jour J. En accueillant ponctuellement un chat\/chaton, vous nous aidez \u00e0 sauver les malheureux de la rue, qui ont froid, faim et qui attendent un foyer bien chaud et une petite gamelle.<\/p>\n<p align=\"LEFT\"><strong>Etre FA = SAUVER DES VIES<\/strong><\/p>\n<p align=\"LEFT\">Bien s\u00fbr, si vous avez d\u00e9j\u00e0 un chat, certaines r\u00e8gles sont \u00e0 respecter lorsque vous introduisez chez vous un nouveau compagnon. Afin que tout se passe pour le mieux pour votre chat et le nouveau, nous vous guiderons sur les proc\u00e9dures \u00e0 suivre. Si malgr\u00e9 nos conseils, \u00eatre FA ne vous convient finalement pas ou pose probl\u00e8me, pas d&rsquo;inqui\u00e9tude : nous r\u00e9cup\u00e9rerons le chat sans souci. Etre FA, ce n&rsquo;est pas non plus sacrifier ses vacances, nous pourrons reprendre ponctuellement le chat.<\/p>\n<p align=\"LEFT\"><img loading=\"lazy\" decoding=\"async\" class=\"size-medium wp-image-474 aligncenter\" src=\"https:\/\/www.chatsulissiens91.fr\/wp-content\/uploads\/2015\/06\/L\u00e9na-et-son-copain-300x169.jpg\" alt=\"\" width=\"300\" height=\"169\" srcset=\"https:\/\/www.chatsulissiens91.fr\/wp-content\/uploads\/2015\/06\/L\u00e9na-et-son-copain-300x169.jpg 300w, https:\/\/www.chatsulissiens91.fr\/wp-content\/uploads\/2015\/06\/L\u00e9na-et-son-copain-250x141.jpg 250w, https:\/\/www.chatsulissiens91.fr\/wp-content\/uploads\/2015\/06\/L\u00e9na-et-son-copain-150x84.jpg 150w, https:\/\/www.chatsulissiens91.fr\/wp-content\/uploads\/2015\/06\/L\u00e9na-et-son-copain.jpg 960w\" sizes=\"auto, (max-width: 300px) 100vw, 300px\" \/><\/p>\n<\/div>\n<p align=\"LEFT\">\n<p align=\"LEFT\"><strong>Envie d&rsquo;\u00eatre famille d&rsquo;accueil ? Contactez nous : <a href=\"https:\/\/www.chatsulissiens91.fr\/?page_id=2357\">c&rsquo;est ici<\/a> !<\/strong><\/p>\n","protected":false},"excerpt":{"rendered":"<p>L&rsquo;association n&rsquo;ayant pas de structure suffisante pour accueillir les chats et chatons de la ville, nous sollicitons des familles d&rsquo;accueil (appel\u00e9es FA). Ces familles d&rsquo;accueil s&rsquo;engagent aupr\u00e8s de l&rsquo;association \u00e0 accueillir un animal chez elles jusqu&rsquo;\u00e0 son adoption d\u00e9finitive. Elles nous permettent de sauver des vies et d&rsquo;offrir un toit\u2026<\/p>\n<p class=\"continue-reading-button\"> <a class=\"continue-reading-link\" href=\"https:\/\/www.chatsulissiens91.fr\/?page_id=328\">Lire la suite<i class=\"crycon-right-dir\"><\/i><\/a><\/p>\n","protected":false},"author":17,"featured_media":0,"parent":0,"menu_order":0,"comment_status":"closed","ping_status":"closed","template":"","meta":{"footnotes":""},"class_list":["post-328","page","type-page","status-publish","hentry"],"jetpack_sharing_enabled":true,"_links":{"self":[{"href":"https:\/\/www.chatsulissiens91.fr\/index.php?rest_route=\/wp\/v2\/pages\/328","targetHints":{"allow":["GET"]}}],"collection":[{"href":"https:\/\/www.chatsulissiens91.fr\/index.php?rest_route=\/wp\/v2\/pages"}],"about":[{"href":"https:\/\/www.chatsulissiens91.fr\/index.php?rest_route=\/wp\/v2\/types\/page"}],"author":[{"embeddable":true,"href":"https:\/\/www.chatsulissiens91.fr\/index.php?rest_route=\/wp\/v2\/users\/17"}],"replies":[{"embeddable":true,"href":"https:\/\/www.chatsulissiens91.fr\/index.php?rest_route=%2Fwp%2Fv2%2Fcomments&post=328"}],"version-history":[{"count":7,"href":"https:\/\/www.chatsulissiens91.fr\/index.php?rest_route=\/wp\/v2\/pages\/328\/revisions"}],"predecessor-version":[{"id":8177,"href":"https:\/\/www.chatsulissiens91.fr\/index.php?rest_route=\/wp\/v2\/pages\/328\/revisions\/8177"}],"wp:attachment":[{"href":"https:\/\/www.chatsulissiens91.fr\/index.php?rest_route=%2Fwp%2Fv2%2Fmedia&parent=328"}],"curies":[{"name":"wp","href":"https:\/\/api.w.org\/{rel}","templated":true}]}}